{"id":1125,"date":"2024-11-13T17:24:17","date_gmt":"2024-11-13T17:24:17","guid":{"rendered":"https:\/\/no1terps.com\/?post_type=product&#038;p=1125"},"modified":"2024-11-13T20:19:40","modified_gmt":"2024-11-13T20:19:40","slug":"aeske-med-magi-6-pak-c","status":"publish","type":"product","link":"https:\/\/no1terps.com\/da\/vare\/aeske-med-magi-6-pak-c\/","title":{"rendered":"\u00c6ske med magi 6-pak-c"},"content":{"rendered":"<p><strong>100 % naturligt afledte terpener.<\/strong> Spiselig. Drikkeligt. \u00c5ndbar. Vi anbefaler at bruge 6%-8% efter volumen. Ingen fyldstoffer. Ingen sk\u00e6remidler. Bare rene terpener. Leveres i en genanvendelig hyldekasse og med et <em><strong>\u00e6gthedscertifikat<\/strong><\/em> og en <strong><em>Magic Lamp Diffuser<\/em><\/strong>.<\/p>\n<p><strong>Udvalgte blomsterdrikke<\/strong><em><br \/>\n<\/em>KLIK P\u00c5 STAMMENS NAVN FOR AT SE LABRESULTATER<\/p>\n<ul>\n<li><strong><a href=\"https:\/\/terplandia.com\/wp-content\/uploads\/2021\/02\/lab_BBOG.pdf\" target=\"_blank\" rel=\"noopener\">BLUE BERRY OG&lt;\/a &gt;<\/a><\/strong><\/li>\n<li><strong><a href=\"https:\/\/terplandia.com\/wp-content\/uploads\/2021\/02\/lab_BK.pdf\" target=\"_blank\" rel=\"noopener\">BUBBA KUSH<\/a> <\/strong><\/li>\n<li><strong><a href=\"https:\/\/terplandia.com\/wp-content\/uploads\/2021\/02\/lab_CP.pdf\" target=\"_blank\" rel=\"noopener\">KIRSEB\u00c6R PIE<\/a> <\/strong><\/li>\n<li><strong><a href=\"https:\/\/terplandia.com\/wp-content\/uploads\/2021\/02\/lab_GS.pdf\" target=\"_blank\" rel=\"noopener\">DRUE SODA<\/a> <\/strong><\/li>\n<li><strong><a href=\"https:\/\/terplandia.com\/wp-content\/uploads\/2021\/02\/lab_SC.pdf\" target=\"_blank\" rel=\"noopener\">JORDB\u00c6RHOSTE<\/a> <\/strong><\/li>\n<li><strong><a href=\"https:\/\/terplandia.com\/wp-content\/uploads\/2021\/02\/lab_trainwreck.pdf\" target=\"_blank\" rel=\"noopener\">TOGVRAG<\/a><\/strong><\/li>\n<\/ul>\n<p>&nbsp;<\/p>\n<p><strong>MAGIC LAMP DIFFUSER<\/strong> Denne aromadiffusor bruger ultralydsprincip, som forst\u00f8ver vandet og den \u00e6teriske olie i vandtanken og producerer en k\u00f8lig, fugtig og duftende t\u00e5ge. Leveres med brugervejledning, AC-adapter, \u00e6terisk oliedr\u00e5ber og vanddykker. Kommer i brun og sort. Lyser med flere farver og forbliver t\u00e6ndt enten tidsindstillet eller konstant. <em>L\u00e6s manualen for fuldst\u00e6ndige instruktioner.<\/em><\/p>\n","protected":false},"excerpt":{"rendered":"<p><strong>100% naturligt afledte terpener.<\/strong> Spiselig. Drikkeligt. \u00c5ndbar. Vi anbefaler at bruge 6%-8% efter volumen. Ingen fyldstoffer. Ingen sk\u00e6remidler. Bare rene terpener. <em><strong>Kommer i en genanvendelig hylde\u00e6ske og med et \u00e6gthedscertifikat og<\/strong><\/em> en <strong><em>Magisk lampe diffuser<\/em><\/strong>.<\/p>\n","protected":false},"featured_media":730,"template":"","meta":[],"product_cat":[26,51,47,27],"product_tag":[41,46],"class_list":["post-1125","product","type-product","status-publish","has-post-thumbnail","hentry","product_cat-generel-da","product_cat-naturally-2-da","product_cat-no1terps-da","product_cat-terpenes-da","product_tag-no1terps-da","product_tag-terpenes-da"],"_links":{"self":[{"href":"https:\/\/no1terps.com\/da\/wp-json\/wp\/v2\/product\/1125","targetHints":{"allow":["GET"]}}],"collection":[{"href":"https:\/\/no1terps.com\/da\/wp-json\/wp\/v2\/product"}],"about":[{"href":"https:\/\/no1terps.com\/da\/wp-json\/wp\/v2\/types\/product"}],"wp:featuredmedia":[{"embeddable":true,"href":"https:\/\/no1terps.com\/da\/wp-json\/wp\/v2\/media\/730"}],"wp:attachment":[{"href":"https:\/\/no1terps.com\/da\/wp-json\/wp\/v2\/media?parent=1125"}],"wp:term":[{"taxonomy":"product_cat","embeddable":true,"href":"https:\/\/no1terps.com\/da\/wp-json\/wp\/v2\/product_cat?post=1125"},{"taxonomy":"product_tag","embeddable":true,"href":"https:\/\/no1terps.com\/da\/wp-json\/wp\/v2\/product_tag?post=1125"}],"curies":[{"name":"wp","href":"https:\/\/api.w.org\/{rel}","templated":true}]}}