{"id":216,"date":"2023-06-02T14:55:45","date_gmt":"2023-06-02T14:55:45","guid":{"rendered":"https:\/\/no1terps.com\/product\/aeske-med-magi-3-pak\/"},"modified":"2023-07-17T21:22:12","modified_gmt":"2023-07-17T21:22:12","slug":"aeske-med-magi-3-pak","status":"publish","type":"product","link":"https:\/\/no1terps.com\/da\/vare\/aeske-med-magi-3-pak\/","title":{"rendered":"\u00c6ske med magi 3-pak"},"content":{"rendered":"<p><strong>100% naturligt afledte terpener. <\/strong>Spiselig. Drikkeligt. \u00c5ndbar. Vi anbefaler at bruge 6%-8% efter volumen. Ingen fyldstoffer. Ingen sk\u00e6remidler. Bare rene terpener. Kommer i en genanvendelig hylde\u00e6ske og med et \u00e6gthedscertifikat og en <a href=\"https:\/\/terplandia.com\/magic-store\/magic-lamp-diffuser\/\"><em><strong>magisk lampe diffuser<\/strong><\/em><\/a>.<\/p>\n<p>Udvalgte blomsterdrikke KLIK P\u00c5 STAMMENS NAVN FOR AT SE LABRESULTATER<\/p>\n<ul>\n<li><strong><a href=\"https:\/\/terplandia.com\/wp-content\/uploads\/2021\/02\/lab_BBOG.pdf\">BL\u00c5 B\u00c6R OG<\/a><\/strong><\/li>\n<li><strong><a href=\"https:\/\/terplandia.com\/wp-content\/uploads\/2021\/02\/lab_GS.pdf\">DRUER SODA<\/a><\/strong><\/li>\n<li><strong><a href=\"https:\/\/terplandia.com\/wp-content\/uploads\/2021\/02\/lab_trainwreck.pdf\">TOGVRAG<\/a><\/strong><\/li>\n<\/ul>\n<p><strong>Magisk lampe DIFFUSER<\/strong>\u00a0 Denne aromadiffusor bruger ultralydsprincippet, som forst\u00f8ver vandet og den \u00e6teriske olie i vandtanken og producerer en k\u00f8lig, fugtig og duftende t\u00e5ge. Leveres med brugervejledning, AC-adapter, \u00e6terisk oliedr\u00e5ber og vanddykker.<\/p>\n","protected":false},"excerpt":{"rendered":"<p><strong>100% naturligt afledte terpener. <\/strong>Spiselig. Drikkeligt. \u00c5ndbar. Vi anbefaler at bruge 6%-8% efter volumen. Ingen fyldstoffer. Ingen sk\u00e6remidler. Bare rene terpener. Kommer i en genanvendelig hylde\u00e6ske og med et \u00e6gthedscertifikat og en <a href=\"https:\/\/terplandia.com\/magic-store\/magic-lamp-diffuser\/\"><em><strong>magisk lampe diffuser<\/strong><\/em><\/a>.<\/p>\n<p>Udvalgte blomsterdrikke KLIK P\u00c5 STAMMENS NAVN FOR AT SE LABRESULTATER<\/p>\n<ul>\n<li><strong><a href=\"https:\/\/terplandia.com\/wp-content\/uploads\/2021\/02\/lab_BBOG.pdf\">BL\u00c5 B\u00c6R OG<\/a><\/strong><\/li>\n<li><strong><a href=\"https:\/\/terplandia.com\/wp-content\/uploads\/2021\/02\/lab_GS.pdf\">DRUER SODA<\/a><\/strong><\/li>\n<li><strong><a href=\"https:\/\/terplandia.com\/wp-content\/uploads\/2021\/02\/lab_trainwreck.pdf\">TOGVRAG<\/a><\/strong><\/li>\n<\/ul>\n<p><strong>Magisk lampe DIFFUSER<\/strong>\u00a0 Denne aromadiffusor bruger ultralydsprincippet, som forst\u00f8ver vandet og den \u00e6teriske olie i vandtanken og producerer en k\u00f8lig, fugtig og duftende t\u00e5ge. Leveres med brugervejledning, AC-adapter, \u00e6terisk oliedr\u00e5ber og vanddykker.<\/p>\n","protected":false},"featured_media":716,"template":"","meta":[],"product_cat":[26,51,47,27],"product_tag":[41,46],"class_list":["post-216","product","type-product","status-publish","has-post-thumbnail","hentry","product_cat-generel-da","product_cat-naturally-2-da","product_cat-no1terps-da","product_cat-terpenes-da","product_tag-no1terps-da","product_tag-terpenes-da"],"_links":{"self":[{"href":"https:\/\/no1terps.com\/da\/wp-json\/wp\/v2\/product\/216","targetHints":{"allow":["GET"]}}],"collection":[{"href":"https:\/\/no1terps.com\/da\/wp-json\/wp\/v2\/product"}],"about":[{"href":"https:\/\/no1terps.com\/da\/wp-json\/wp\/v2\/types\/product"}],"wp:featuredmedia":[{"embeddable":true,"href":"https:\/\/no1terps.com\/da\/wp-json\/wp\/v2\/media\/716"}],"wp:attachment":[{"href":"https:\/\/no1terps.com\/da\/wp-json\/wp\/v2\/media?parent=216"}],"wp:term":[{"taxonomy":"product_cat","embeddable":true,"href":"https:\/\/no1terps.com\/da\/wp-json\/wp\/v2\/product_cat?post=216"},{"taxonomy":"product_tag","embeddable":true,"href":"https:\/\/no1terps.com\/da\/wp-json\/wp\/v2\/product_tag?post=216"}],"curies":[{"name":"wp","href":"https:\/\/api.w.org\/{rel}","templated":true}]}}